{"id":17,"date":"2024-01-31T12:12:12","date_gmt":"2024-01-31T12:12:12","guid":{"rendered":"https:\/\/helianthus.paris\/?page_id=17"},"modified":"2024-04-08T07:59:40","modified_gmt":"2024-04-08T07:59:40","slug":"legal-disclaimers","status":"publish","type":"page","link":"https:\/\/helianthus.paris\/fr\/legal-disclaimers\/","title":{"rendered":"Mentions L\u00e9gales"},"content":{"rendered":"<a href=\"https:\/\/helianthus.paris\/fr\/\" target=\"_self\" itemprop=\"url\" rel=\"noopener\">\n\t\t\t\t\t\t\t\t\t<img loading=\"lazy\" decoding=\"async\" src=\"https:\/\/helianthus.paris\/wp-content\/uploads\/2024\/02\/white-purple-logo.png\" alt=\"white purple logo\" itemprop=\"image\" height=\"871\" width=\"857\" srcset=\"https:\/\/helianthus.paris\/wp-content\/uploads\/2024\/02\/white-purple-logo.png 857w, https:\/\/helianthus.paris\/wp-content\/uploads\/2024\/02\/white-purple-logo-295x300.png 295w, https:\/\/helianthus.paris\/wp-content\/uploads\/2024\/02\/white-purple-logo-768x781.png 768w, https:\/\/helianthus.paris\/wp-content\/uploads\/2024\/02\/white-purple-logo-12x12.png 12w\" sizes=\"auto, (max-width: 857px) 100vw, 857px\" title=\"white-purple-logo\" onerror=\"this.style.display='none'\"  \/>\n\t\t\t\t\t\t\t\t\t\t\t\t\t<\/a>\n\t\t\t\t\t\t\t\t\t<img loading=\"lazy\" decoding=\"async\" src=\"https:\/\/helianthus.paris\/wp-content\/uploads\/2024\/02\/divider-line-purple.png\" alt=\"divider line purple\" itemprop=\"image\" height=\"601\" width=\"21\" title=\"divider-line-purple\" onerror=\"this.style.display='none'\"  \/>\n<h1>\n\t\tMentions l\u00e9gales \u00a0\n\t<\/h1>\n<h2 class=\"translation-block\">Informations sur l\u2019entreprise<\/h2>\n\t<p>Vous \u00eates actuellement en train de consulter le site internet d'helianthus, SASU enregistr\u00e9e \u00e0 l'INPI (Institut National de la Propri\u00e9t\u00e9 Intellectuelle) et dot\u00e9e d'un capital social de 5000\u20ac. La soci\u00e9t\u00e9 est immatricul\u00e9e au Registre du Commerce et des Soci\u00e9t\u00e9s de Paris sous 979535572 00015 (N\u00b0 de TVA FR 70979535572) au 37 rue Lacroix, 75017, Paris. Code d'activit\u00e9: 7022Z.<\/p>\n<h3>\n\t\tPour plus d'informations:\n\t\t\t\t<\/h3>\t\n<h4>\n\t\tcontact@helianthus.paris\n\t<\/h4>\n<h4>\n\t\t<a href=\"tel:+33682817744\" title=\"+33 6 82 81 77 44\" target=\"_self\" rel=\"noopener\">\n\t\t+33 6 82 81 77 44\n\t\t<\/a>\n\t<\/h4>\n<h2>\n\t\tPolitique de confidentialit\u00e9\n\t<\/h2>\n\t<p>This website privacy policy describes how helianthus (hereafter &#8220;our company&#8221;) protects and makes use of the information you give the company when you use this website in line with GDPR regulations.<\/p>\n<p>Notre soci\u00e9t\u00e9 utilise des cookies afin d'am\u00e9liorer votre exp\u00e9rience sur notre site web et lorsque vous nous \u00e9crivez pour plus d'informations.<\/p>\n<p>Dans la section contact, lorsque vous nous envoyez un e-mail, nous collectons vos donn\u00e9es personnelles. Notre soci\u00e9t\u00e9 garde les adresses \u00e9lectroniques confidentielles. Elles ne seront pas communiqu\u00e9es \u00e0 des tiers. Conform\u00e9ment \u00e0 la loi Informatique et Libert\u00e9s du 6 janvier 1978, vous disposez d'un droit d'acc\u00e8s, de modification, de rectification et de suppression des donn\u00e9es qui vous concernent.<\/p>\n<p>Pour l'exercer, adressez-vous \u00e0 Claire Elliott: <strong><a href=\"mailto:claire@helianthus.paris\">claire@helianthus.paris<\/a><\/strong><\/p>\n<h2>\n\t\tCr\u00e9ation du site et utilisation des images\n\t<\/h2>\n\t<p>Ce site a \u00e9t\u00e9 con\u00e7u et r\u00e9alis\u00e9 par Go Daddy.<\/p>\n<p>Toutes les donn\u00e9es pr\u00e9sentes sur ce site Internet (textes, logos, infographies, etc.) sont la propri\u00e9t\u00e9 exclusive de Claire Elliott. Toute reproduction ou repr\u00e9sentation, int\u00e9grale ou partielle, par quelque proc\u00e9d\u00e9 que ce soit, du site ou de l'un quelconque de ses \u00e9l\u00e9ments, est interdite.<\/p>\n<p>Toutes les photographies utilis\u00e9es sur ce site ont \u00e9t\u00e9 acquises pour un usage num\u00e9rique par notre soci\u00e9t\u00e9 par Go Daddy.<\/p>\n<p>&nbsp;<\/p>\n<p>Ce site web est h\u00e9berg\u00e9 par Go Daddy:<\/p>\n<p>Domains By Proxy, LLC<\/p>\n<p>Domainsbyproxy.com<\/p>\n<p>2155 E Warner Rd<\/p>\n<p>Tempe<\/p>\n<p>Arizona<\/p>\n<p>85284<\/p>\n<p>\u00c9TATS-UNIS D'AM\u00c9RIQUE<\/p>\n<p>Tel: +1 480 624 2599<\/p>\n\t<a href=\"https:\/\/helianthus.paris\/fr\/\" target=\"_self\" role=\"button\" aria-label=\"Retour\" rel=\"noopener\">\n\t\t\t\t\t\tRetour\n\t\t\t\t\t<\/a>","protected":false},"excerpt":{"rendered":"<p>Legal disclaimer \u00a0 Company information You are currently viewing the website of helianthus, a SASU registered with INPI (the French National Institute of Intellectual Property) and a share capital of 5,000\u20ac. The company is registered with the Paris Trade and Companies Registry under 979535572 00015 (VAT no\u00b0 FR 70979535572) at 37 rue Lacroix, 75017, Paris.&hellip;<\/p>","protected":false},"author":1,"featured_media":239,"parent":0,"menu_order":0,"comment_status":"closed","ping_status":"closed","template":"","meta":{"footnotes":""},"class_list":["post-17","page","type-page","status-publish","has-post-thumbnail","hentry"],"_links":{"self":[{"href":"https:\/\/helianthus.paris\/fr\/wp-json\/wp\/v2\/pages\/17","targetHints":{"allow":["GET"]}}],"collection":[{"href":"https:\/\/helianthus.paris\/fr\/wp-json\/wp\/v2\/pages"}],"about":[{"href":"https:\/\/helianthus.paris\/fr\/wp-json\/wp\/v2\/types\/page"}],"author":[{"embeddable":true,"href":"https:\/\/helianthus.paris\/fr\/wp-json\/wp\/v2\/users\/1"}],"replies":[{"embeddable":true,"href":"https:\/\/helianthus.paris\/fr\/wp-json\/wp\/v2\/comments?post=17"}],"version-history":[{"count":5,"href":"https:\/\/helianthus.paris\/fr\/wp-json\/wp\/v2\/pages\/17\/revisions"}],"predecessor-version":[{"id":325,"href":"https:\/\/helianthus.paris\/fr\/wp-json\/wp\/v2\/pages\/17\/revisions\/325"}],"wp:featuredmedia":[{"embeddable":true,"href":"https:\/\/helianthus.paris\/fr\/wp-json\/wp\/v2\/media\/239"}],"wp:attachment":[{"href":"https:\/\/helianthus.paris\/fr\/wp-json\/wp\/v2\/media?parent=17"}],"curies":[{"name":"wp","href":"https:\/\/api.w.org\/{rel}","templated":true}]}}